{"id":317,"date":"2024-05-23T09:10:41","date_gmt":"2024-05-23T07:10:41","guid":{"rendered":"https:\/\/www.eo-communication.fr\/?page_id=317"},"modified":"2024-08-25T19:08:21","modified_gmt":"2024-08-25T17:08:21","slug":"prestations","status":"publish","type":"page","link":"https:\/\/www.eo-communication.fr\/index.php\/prestations\/","title":{"rendered":"Prestations"},"content":{"rendered":"\n<div class=\"wp-block-columns is-layout-flex wp-container-core-columns-is-layout-9d6595d7 wp-block-columns-is-layout-flex\">\n<div class=\"wp-block-column is-layout-flow wp-block-column-is-layout-flow\">\n<h2 class=\"wp-block-heading has-text-align-right\">Conseil<\/h2>\n\n\n\n<p class=\"has-text-align-right\">J&rsquo;accompagne les entreprises dans le lancement et le d\u00e9veloppement de leurs activit\u00e9s. De la mise en place d&rsquo;une strat\u00e9gie marketing \u00e0 l&rsquo;\u00e9laboration d&rsquo;un plan de communication, je d\u00e9finis avec le client le cadre d&rsquo;actions qui lui permettra d&rsquo;atteindre ses objectifs et d&rsquo;obtenir des r\u00e9sultats.<\/p>\n<\/div>\n\n\n\n<div class=\"wp-block-column is-layout-flow wp-block-column-is-layout-flow\"><div class=\"wp-block-image\">\n<figure class=\"aligncenter size-full\"><img loading=\"lazy\" decoding=\"async\" width=\"189\" height=\"165\" src=\"http:\/\/www.eo-communication.fr\/wp-content\/uploads\/2024\/06\/illustrations_prestas-02.png\" alt=\"\" class=\"wp-image-529\"\/><\/figure>\n<\/div><\/div>\n<\/div>\n\n\n\n<div style=\"height:50px\" aria-hidden=\"true\" class=\"wp-block-spacer\"><\/div>\n\n\n\n<div class=\"wp-block-columns is-layout-flex wp-container-core-columns-is-layout-9d6595d7 wp-block-columns-is-layout-flex\">\n<div class=\"wp-block-column is-layout-flow wp-block-column-is-layout-flow\"><div class=\"wp-block-image\">\n<figure class=\"aligncenter size-full\"><img loading=\"lazy\" decoding=\"async\" width=\"189\" height=\"165\" src=\"http:\/\/www.eo-communication.fr\/wp-content\/uploads\/2024\/06\/illustrations_prestas-03.png\" alt=\"\" class=\"wp-image-530\"\/><\/figure>\n<\/div><\/div>\n\n\n\n<div class=\"wp-block-column is-layout-flow wp-block-column-is-layout-flow\">\n<h2 class=\"wp-block-heading has-text-align-left\">Conception\/r\u00e9daction<\/h2>\n\n\n\n<p class=\"has-text-align-left\">Une communication efficace passe avant tout par un discours efficace ! Je cerne avec vous l&rsquo;essence de votre activit\u00e9 pour produire un contenu textuel adapt\u00e9 \u00e0 votre cible et \u00e9tablir un discours de marque pertinent, capable de vous distinguer de la concurrence.<\/p>\n<\/div>\n<\/div>\n\n\n\n<div style=\"height:50px\" aria-hidden=\"true\" class=\"wp-block-spacer\"><\/div>\n\n\n\n<div class=\"wp-block-columns is-layout-flex wp-container-core-columns-is-layout-9d6595d7 wp-block-columns-is-layout-flex\">\n<div class=\"wp-block-column is-layout-flow wp-block-column-is-layout-flow\">\n<h2 class=\"wp-block-heading has-text-align-right\">Conception graphique<\/h2>\n\n\n\n<p class=\"has-text-align-right\">Identit\u00e9 visuelle (logos, chartes graphiques\u2026), publicit\u00e9 (affiches, flyers\u2026), \u00e9dition (magazines, livres, brochures\u2026), packaging, signal\u00e9tique, web design\u2026<br>Pour l&rsquo;impression comme pour le num\u00e9rique, je r\u00e9ponds \u00e0 tous les besoins en mati\u00e8re de conception graphique avec des r\u00e9alisations personnalis\u00e9es et pertinentes, au service de vos objectifs.<\/p>\n<\/div>\n\n\n\n<div class=\"wp-block-column is-layout-flow wp-block-column-is-layout-flow\"><div class=\"wp-block-image\">\n<figure class=\"aligncenter size-full\"><img loading=\"lazy\" decoding=\"async\" width=\"189\" height=\"165\" src=\"http:\/\/www.eo-communication.fr\/wp-content\/uploads\/2024\/06\/illustrations_prestas-04.png\" alt=\"\" class=\"wp-image-531\"\/><\/figure>\n<\/div><\/div>\n<\/div>\n\n\n\n<div style=\"height:50px\" aria-hidden=\"true\" class=\"wp-block-spacer\"><\/div>\n\n\n\n<div class=\"wp-block-columns is-layout-flex wp-container-core-columns-is-layout-9d6595d7 wp-block-columns-is-layout-flex\">\n<div class=\"wp-block-column is-layout-flow wp-block-column-is-layout-flow\"><div class=\"wp-block-image\">\n<figure class=\"aligncenter size-full\"><img loading=\"lazy\" decoding=\"async\" width=\"189\" height=\"165\" src=\"http:\/\/www.eo-communication.fr\/wp-content\/uploads\/2024\/06\/illustrations_prestas-05.png\" alt=\"\" class=\"wp-image-532\"\/><\/figure>\n<\/div><\/div>\n\n\n\n<div class=\"wp-block-column is-layout-flow wp-block-column-is-layout-flow\">\n<h2 class=\"wp-block-heading has-text-align-left\">Num\u00e9rique<\/h2>\n\n\n\n<p class=\"has-text-align-left\">Conception de site vitrine pour pr\u00e9senter votre entreprise ou vos services, conception de site e-commerce pour vendre vos produits en ligne, d\u00e9veloppement de sites web personnalis\u00e9s r\u00e9pondant \u00e0 des besoins sp\u00e9cifiques\u2026 Je mets en \u0153uvre tous vos projets et m&rsquo;appuie, le cas \u00e9ch\u00e9ant, sur un r\u00e9seau de partenaires sp\u00e9cialis\u00e9s pour r\u00e9pondre \u00e0 toutes les demandes.<\/p>\n<\/div>\n<\/div>\n","protected":false},"excerpt":{"rendered":"<p>Conseil J&rsquo;accompagne les entreprises dans le lancement et le d\u00e9veloppement de leurs activit\u00e9s. De la mise en place d&rsquo;une strat\u00e9gie marketing \u00e0 l&rsquo;\u00e9laboration d&rsquo;un plan de communication, je d\u00e9finis avec le client le cadre d&rsquo;actions qui lui permettra d&rsquo;atteindre ses objectifs et d&rsquo;obtenir des r\u00e9sultats. Conception\/r\u00e9daction Une communication efficace passe avant tout par un discours [&hellip;]<\/p>\n","protected":false},"author":1,"featured_media":616,"parent":0,"menu_order":0,"comment_status":"closed","ping_status":"closed","template":"","meta":{"footnotes":""},"class_list":["post-317","page","type-page","status-publish","has-post-thumbnail","hentry"],"_links":{"self":[{"href":"https:\/\/www.eo-communication.fr\/index.php\/wp-json\/wp\/v2\/pages\/317","targetHints":{"allow":["GET"]}}],"collection":[{"href":"https:\/\/www.eo-communication.fr\/index.php\/wp-json\/wp\/v2\/pages"}],"about":[{"href":"https:\/\/www.eo-communication.fr\/index.php\/wp-json\/wp\/v2\/types\/page"}],"author":[{"embeddable":true,"href":"https:\/\/www.eo-communication.fr\/index.php\/wp-json\/wp\/v2\/users\/1"}],"replies":[{"embeddable":true,"href":"https:\/\/www.eo-communication.fr\/index.php\/wp-json\/wp\/v2\/comments?post=317"}],"version-history":[{"count":66,"href":"https:\/\/www.eo-communication.fr\/index.php\/wp-json\/wp\/v2\/pages\/317\/revisions"}],"predecessor-version":[{"id":668,"href":"https:\/\/www.eo-communication.fr\/index.php\/wp-json\/wp\/v2\/pages\/317\/revisions\/668"}],"wp:featuredmedia":[{"embeddable":true,"href":"https:\/\/www.eo-communication.fr\/index.php\/wp-json\/wp\/v2\/media\/616"}],"wp:attachment":[{"href":"https:\/\/www.eo-communication.fr\/index.php\/wp-json\/wp\/v2\/media?parent=317"}],"curies":[{"name":"wp","href":"https:\/\/api.w.org\/{rel}","templated":true}]}}