{"id":95,"date":"2024-05-20T12:57:49","date_gmt":"2024-05-20T10:57:49","guid":{"rendered":"https:\/\/www.eo-communication.fr\/index.php\/home\/"},"modified":"2024-06-12T18:12:00","modified_gmt":"2024-06-12T16:12:00","slug":"accueil","status":"publish","type":"page","link":"https:\/\/www.eo-communication.fr\/","title":{"rendered":"Accueil"},"content":{"rendered":"\n<div class=\"wp-block-columns are-vertically-aligned-top is-layout-flex wp-container-core-columns-is-layout-9d6595d7 wp-block-columns-is-layout-flex\">\n<div class=\"wp-block-column is-vertically-aligned-top has-medium-font-size is-layout-flow wp-block-column-is-layout-flow\">\n<p class=\"has-text-align-left has-medium-font-size\">D\u00e9sormais implant\u00e9 dans le Lot-et-Garonne, c&rsquo;est fort de <strong>24 ann\u00e9es d&rsquo;exp\u00e9rience<\/strong> dans le domaine de la communication que je propose aujourd&rsquo;hui mes services en tant qu&rsquo;ind\u00e9pendant. J&rsquo;accompagne les entreprises,\n                          de toutes tailles et de toutes natures, dans le d\u00e9veloppement de leurs activit\u00e9s.<\/p>\n\n\n\n<p class=\"has-text-align-left has-medium-font-size\">De la mise en place d&rsquo;une strat\u00e9gie marketing \u00e0 l&rsquo;\u00e9laboration d&rsquo;un plan de communication, je d\u00e9finis avec le client le cadre d&rsquo;actions qui lui permettra<strong> d&rsquo;atteindre ses objectifs et d&rsquo;obtenir des r\u00e9sultats<\/strong>. J&rsquo;assure la conception et la r\u00e9alisation de tout projet de communication. J&rsquo;apporte mon savoir-faire et la ma\u00eetrise de l&rsquo;ensemble du processus de production d&rsquo;un projet pour<strong> fournir une prestation \u00e0 valeur ajout\u00e9e et fid\u00e8le aux attentes du client<\/strong>.<\/p>\n<\/div>\n<\/div>\n\n\n\n<div style=\"height:33px\" aria-hidden=\"true\" class=\"wp-block-spacer\"><\/div>\n\n\n\n<h2 class=\"wp-block-heading\">Ils m&rsquo;ont fait confiance&#8230;<\/h2>\n\n\n\n<div class=\"wp-block-columns is-layout-flex wp-container-core-columns-is-layout-9d6595d7 wp-block-columns-is-layout-flex\">\n<div class=\"wp-block-column is-layout-flow wp-block-column-is-layout-flow\" style=\"flex-basis:2000px\"><div class=\"wp-block-image\">\n<figure class=\"alignleft size-large is-resized\"><img loading=\"lazy\" decoding=\"async\" width=\"1024\" height=\"271\" src=\"http:\/\/www.eo-communication.fr\/wp-content\/uploads\/2024\/05\/compo-logo-large-1024x271.png\" alt=\"\" class=\"wp-image-463\" style=\"width:973px;height:auto\" srcset=\"https:\/\/www.eo-communication.fr\/wp-content\/uploads\/2024\/05\/compo-logo-large-1024x271.png 1024w, https:\/\/www.eo-communication.fr\/wp-content\/uploads\/2024\/05\/compo-logo-large-300x79.png 300w, https:\/\/www.eo-communication.fr\/wp-content\/uploads\/2024\/05\/compo-logo-large-768x203.png 768w, https:\/\/www.eo-communication.fr\/wp-content\/uploads\/2024\/05\/compo-logo-large.png 1346w\" sizes=\"auto, (max-width: 1024px) 100vw, 1024px\" \/><\/figure>\n<\/div><\/div>\n<\/div>\n\n\n<\/div>\n<\/div>\n<\/div>\n<\/div>\n<\/div>\n<\/div>\n<\/div>\n<\/div>\n<\/div>\n<\/div>","protected":false},"excerpt":{"rendered":"<p>D\u00e9sormais implant\u00e9 dans le Lot-et-Garonne, c&rsquo;est fort de 24 ann\u00e9es d&rsquo;exp\u00e9rience dans le domaine de la communication que je propose aujourd&rsquo;hui mes services en tant qu&rsquo;ind\u00e9pendant. J&rsquo;accompagne les entreprises, de toutes tailles et de toutes natures, dans le d\u00e9veloppement de leurs activit\u00e9s. De la mise en place d&rsquo;une strat\u00e9gie marketing \u00e0 l&rsquo;\u00e9laboration d&rsquo;un plan de [&hellip;]<\/p>\n","protected":false},"author":1,"featured_media":23,"parent":0,"menu_order":0,"comment_status":"closed","ping_status":"closed","template":"","meta":{"footnotes":""},"class_list":["post-95","page","type-page","status-publish","has-post-thumbnail","hentry"],"_links":{"self":[{"href":"https:\/\/www.eo-communication.fr\/index.php\/wp-json\/wp\/v2\/pages\/95","targetHints":{"allow":["GET"]}}],"collection":[{"href":"https:\/\/www.eo-communication.fr\/index.php\/wp-json\/wp\/v2\/pages"}],"about":[{"href":"https:\/\/www.eo-communication.fr\/index.php\/wp-json\/wp\/v2\/types\/page"}],"author":[{"embeddable":true,"href":"https:\/\/www.eo-communication.fr\/index.php\/wp-json\/wp\/v2\/users\/1"}],"replies":[{"embeddable":true,"href":"https:\/\/www.eo-communication.fr\/index.php\/wp-json\/wp\/v2\/comments?post=95"}],"version-history":[{"count":20,"href":"https:\/\/www.eo-communication.fr\/index.php\/wp-json\/wp\/v2\/pages\/95\/revisions"}],"predecessor-version":[{"id":661,"href":"https:\/\/www.eo-communication.fr\/index.php\/wp-json\/wp\/v2\/pages\/95\/revisions\/661"}],"wp:featuredmedia":[{"embeddable":true,"href":"https:\/\/www.eo-communication.fr\/index.php\/wp-json\/wp\/v2\/media\/23"}],"wp:attachment":[{"href":"https:\/\/www.eo-communication.fr\/index.php\/wp-json\/wp\/v2\/media?parent=95"}],"curies":[{"name":"wp","href":"https:\/\/api.w.org\/{rel}","templated":true}]}}